{"id":71239,"date":"2025-12-05T14:16:43","date_gmt":"2025-12-05T20:16:43","guid":{"rendered":"https:\/\/www.visitmo.com\/?page_id=71239"},"modified":"2025-12-05T15:00:04","modified_gmt":"2025-12-05T21:00:04","slug":"football","status":"publish","type":"page","link":"https:\/\/www.visitmo.com\/fr\/soccer","title":{"rendered":"Football"},"content":{"rendered":"<section class=\"hero -tripidea\" style=\"background-image: url(https:\/\/mdt-visitmo-cdn.s3.us-east-2.amazonaws.com\/wp-content\/uploads\/2025\/12\/WorldCupHeaderImage_RedBlue-scaled-1-1800x900.jpg);\">\n\t<div class=\"hero__info -mid -left\">\n\t\t<h1>Le Missouri accueille les plus grands matchs de football et YOU.<\/h1>\n\t\t<p>Ne manquez pas votre chance de faire partie du fandeMOnium. <\/p>\n\t<\/div>\n\t<\/section>\n\n\n\n<div style=\"height:50px\" aria-hidden=\"true\" class=\"wp-block-spacer\"><\/div>\n\n\n\n<h2 class=\"wp-block-heading has-text-align-center\" id=\"h-explore-the-whole-field-while-you-re-here\">Explorez l'ensemble du terrain de jeu domaine pendant votre s\u00e9jour.<\/h2>\n\n\n\n<p class=\"has-text-align-center\">Retrouvez toutes vos passions et d\u00e9couvrez-en de nouvelles en visitant les sites incontournables et les joyaux cach\u00e9s du Show-Me State.<\/p>\n\n\n\n<div style=\"height:50px\" aria-hidden=\"true\" class=\"wp-block-spacer\"><\/div>\n\n\n\n<div class=\"spotlights__container\">\n    <div class=\"section__header section__header--blue\">\n        <h2>Envie d\u2019en voir plus au Missouri ? Allons-y !<\/h2>\n        <a class=\"button button--outline hidden-xs hidden-sm\" href=\"\/things-to-do\/\">Pr\u00e9parez votre voyage<\/a>\n    <\/div>\n\n    <div class=\"col3__grid\">\n    \t\n<a class=\"grid__item with-overlay\" href=\"https:\/\/www.visitmo.com\/fr\/in-the-spotlight\/lake-of-the-ozarks\" style=\"background-image: url(https:\/\/mdt-visitmo-cdn.s3.us-east-2.amazonaws.com\/wp-content\/uploads\/2021\/10\/Lake-of-the-Ozarks.jpg);\">\n    <div class=\"grid__item__content\">\n        <h2 class=\"item__heading\">Lac des Ozarks<\/h2>\n        <span class=\"item__cta hidden-xs hidden-sm\">explorer <i class=\"fas fa-long-arrow-alt-right\"><\/i><\/span>\n    <\/div>\n<\/a>\n<a class=\"grid__item with-overlay\" href=\"https:\/\/www.visitmo.com\/fr\/in-the-spotlight\/beer\" style=\"background-image: url(https:\/\/mdt-visitmo-cdn.s3.amazonaws.com\/highlights\/Beer-Thumb.jpg);\">\n    <div class=\"grid__item__content\">\n        <h2 class=\"item__heading\">Bi\u00e8re<\/h2>\n        <span class=\"item__cta hidden-xs hidden-sm\">explorer <i class=\"fas fa-long-arrow-alt-right\"><\/i><\/span>\n    <\/div>\n<\/a>\n<a class=\"grid__item with-overlay\" href=\"https:\/\/www.visitmo.com\/fr\/in-the-spotlight\/bbq\" style=\"background-image: url(https:\/\/mdt-visitmo-cdn.s3.amazonaws.com\/highlights\/BBQ-Thumb.jpg);\">\n    <div class=\"grid__item__content\">\n        <h2 class=\"item__heading\">BBQ<\/h2>\n        <span class=\"item__cta hidden-xs hidden-sm\">explorer <i class=\"fas fa-long-arrow-alt-right\"><\/i><\/span>\n    <\/div>\n<\/a>    <\/div>\n    <div class=\"section__footer\">\n        <a class=\"button button--outline hidden-md hidden-lg\" href=\"\/things-to-do\/\">Pr\u00e9parez votre voyage<\/a>\n    <\/div>\n<\/div>\n\n\n\n<div class=\"itineraries__container container\">\n    <div class=\"section__lead\">\n        <h2>Kansas City au-del\u00e0 du terrain.<\/h2>\n        <p>Comment allez-vous occuper votre temps libre ? Des galeries d'art aux animaux du zoo, en passant par les d\u00e9bats sur le meilleur barbecue, tout est possible. Laissez-nous vous aider \u00e0 \u00e9laborer l'itin\u00e9raire id\u00e9al pendant votre s\u00e9jour en ville.<\/p>\n    <\/div>\n\n    <div class=\"col4__grid\">\n        \n<a class=\"grid__item\" href=\"https:\/\/www.visitmo.com\/fr\/itineraries\/a-weekend-getaway-to-kansas-city\">\n    <div class=\"grid__item__content\">\n        <div class=\"grid__item__image\" style=\"background-image: url(https:\/\/mdt-visitmo-cdn.s3.us-east-2.amazonaws.com\/tripideas\/thumb-a-weekend-getaway-to-kansas-city-5f762a5fc937b.jpg);\"><\/div>\n        <div class=\"grid__item__info\">\n            <span class=\"grid__item__tag\">Itin\u00e9raires<\/span>\n            <h3 class=\"grid__item__title\">Un week-end \u00e0 Kansas City<\/h3>\n            <p class=\"grid__item__lead\">Connue sous le nom de \"ville des fontaines\", la m\u00e9tropole anim\u00e9e de Kansas City...<\/p>\n        <\/div>\n    <\/div>\n<\/a>\n\n<a class=\"grid__item\" href=\"https:\/\/www.visitmo.com\/fr\/itineraries\/kc-a-taste-of-culture-in-the-city\">\n    <div class=\"grid__item__content\">\n        <div class=\"grid__item__image\" style=\"background-image: url(https:\/\/visitmo-cdn.s3.amazonaws.com\/tripideas\/8F9FB60E-CA43-4FD1-8C93-40F3680F8D2A.png);\"><\/div>\n        <div class=\"grid__item__info\">\n            <span class=\"grid__item__tag\">Itin\u00e9raires<\/span>\n            <h3 class=\"grid__item__title\">KC - Un go\u00fbt de culture en ville<\/h3>\n            <p class=\"grid__item__lead\">Plongez votre \u00e2me dans les paysages et les sons de Kansas City. Avec un...<\/p>\n        <\/div>\n    <\/div>\n<\/a>\n\n<a class=\"grid__item\" href=\"https:\/\/www.visitmo.com\/fr\/itineraries\/dine-through-kc\">\n    <div class=\"grid__item__content\">\n        <div class=\"grid__item__image\" style=\"background-image: url(https:\/\/visitmo-cdn.s3.amazonaws.com\/tripideas\/0FBCDF7E-507C-4196-8E18-FC8B35C03BE1.png);\"><\/div>\n        <div class=\"grid__item__info\">\n            <span class=\"grid__item__tag\">Itin\u00e9raires<\/span>\n            <h3 class=\"grid__item__title\">D\u00eener en ville<\/h3>\n            <p class=\"grid__item__lead\">J'esp\u00e8re que vous avez faim ! Voici une liste des plats les plus savoureux...<\/p>\n        <\/div>\n    <\/div>\n<\/a>\n\n<a class=\"grid__item\" href=\"https:\/\/www.visitmo.com\/fr\/itineraries\/museums-art-and-food-kc-style\">\n    <div class=\"grid__item__content\">\n        <div class=\"grid__item__image\" style=\"background-image: url(https:\/\/mdt-visitmo-cdn.s3.us-east-2.amazonaws.com\/tripideas\/thumb-museums-art-and-food-kc-style-6047ae5cc3fa8.jpg);\"><\/div>\n        <div class=\"grid__item__info\">\n            <span class=\"grid__item__tag\">Itin\u00e9raires<\/span>\n            <h3 class=\"grid__item__title\">Mus\u00e9es, art et gastronomie \u00e0 la mani\u00e8re de KC<\/h3>\n            <p class=\"grid__item__lead\">Kansas City, connue comme le c\u0153ur de l'Am\u00e9rique, a \u00e9t\u00e9 fond\u00e9e en 1850. Ici, vous...<\/p>\n        <\/div>\n    <\/div>\n<\/a>\n    <\/div>\n\n    <div class=\"section__footer\">\n        <a class=\"button\" href=\"https:\/\/kansascityfwc26.com\/\">Guide du fan<\/a>\n            <\/div>\n<\/div>\n\n\n<div class=\"remote-events__banner\" style=\"background-image: url(https:\/\/mdt-visitmo-cdn.s3.us-east-2.amazonaws.com\/wp-content\/uploads\/2025\/12\/AdobeStock_1547389213-1-1200x800.jpg); background-position: 50% 50%;\">\n    <div class=\"remote-events__banner__content\">\n        <h2 class=\"remote-events__banner__header\">\u00cates-vous un super fan ?<\/h2>\n        <p class=\"remote-events__banner__text\">Inscrivez-vous pour recevoir des mises \u00e0 jour sur les derni\u00e8res activit\u00e9s li\u00e9es au tournoi dans le Missouri.<\/p>\n           \n        <a href=\"https:\/\/www.visitmo.com\/soccer-signup\/\" class=\"button button--outline--reverse\">S'inscrire sur notre liste<\/a>\n            <\/div>\n<\/div>","protected":false},"excerpt":{"rendered":"<p>Explorez l'ensemble du territoire pendant votre s\u00e9jour. Retrouvez toutes vos passions et d\u00e9couvrez-en de nouvelles en visitant les sites incontournables et les joyaux cach\u00e9s du Show-Me State.<\/p>","protected":false},"author":3983,"featured_media":0,"parent":0,"menu_order":0,"comment_status":"closed","ping_status":"closed","template":"","meta":{"_acf_changed":false,"_relevanssi_hide_post":"","_relevanssi_hide_content":"","_relevanssi_pin_for_all":"","_relevanssi_pin_keywords":"","_relevanssi_unpin_keywords":"","_relevanssi_related_keywords":"","_relevanssi_related_include_ids":"","_relevanssi_related_exclude_ids":"","_relevanssi_related_no_append":"","_relevanssi_related_not_related":"","_relevanssi_related_posts":"37553,24053,15603,972,973,974","_relevanssi_noindex_reason":"","footnotes":""},"class_list":["post-71239","page","type-page","status-publish","hentry"],"pp_statuses_selecting_workflow":false,"pp_workflow_action":"current","pp_status_selection":"publish","acf":[],"yoast_head":"<!-- This site is optimized with the Yoast SEO Premium plugin v27.4 (Yoast SEO v27.4) - https:\/\/yoast.com\/product\/yoast-seo-premium-wordpress\/ -->\n<title>Visit Missouri | Soccer<\/title>\n<meta name=\"robots\" content=\"index, follow, max-snippet:-1, max-image-preview:large, max-video-preview:-1\" \/>\n<link rel=\"canonical\" href=\"https:\/\/www.visitmo.com\/fr\/football\/\" \/>\n<meta property=\"og:locale\" content=\"fr_FR\" \/>\n<meta property=\"og:type\" content=\"article\" \/>\n<meta property=\"og:title\" content=\"Soccer\" \/>\n<meta property=\"og:description\" content=\"Explore the whole field while you\u2019re here. Find all your passions and discover new ones by visiting the Show-Me State\u2019s must-see sites and hidden gems.\" \/>\n<meta property=\"og:url\" content=\"https:\/\/www.visitmo.com\/fr\/football\/\" \/>\n<meta property=\"og:site_name\" content=\"Visit Missouri\" \/>\n<meta property=\"article:publisher\" content=\"https:\/\/www.facebook.com\/VisitMO\" \/>\n<meta property=\"article:modified_time\" content=\"2025-12-05T21:00:04+00:00\" \/>\n<meta property=\"og:image\" content=\"https:\/\/mdt-visitmo-cdn.s3.us-east-2.amazonaws.com\/wp-content\/uploads\/2025\/12\/WorldCupHeaderImage_RedBlue-scaled-1.jpg\" \/>\n\t<meta property=\"og:image:width\" content=\"2560\" \/>\n\t<meta property=\"og:image:height\" content=\"1429\" \/>\n\t<meta property=\"og:image:type\" content=\"image\/jpeg\" \/>\n<meta name=\"twitter:card\" content=\"summary_large_image\" \/>\n<meta name=\"twitter:site\" content=\"@visitmo\" \/>\n<script type=\"application\/ld+json\" class=\"yoast-schema-graph\">{\"@context\":\"https:\\\/\\\/schema.org\",\"@graph\":[{\"@type\":\"WebPage\",\"@id\":\"https:\\\/\\\/www.visitmo.com\\\/soccer\",\"url\":\"https:\\\/\\\/www.visitmo.com\\\/soccer\",\"name\":\"Visit Missouri | Soccer\",\"isPartOf\":{\"@id\":\"https:\\\/\\\/www.visitmo.com\\\/#website\"},\"datePublished\":\"2025-12-05T20:16:43+00:00\",\"dateModified\":\"2025-12-05T21:00:04+00:00\",\"breadcrumb\":{\"@id\":\"https:\\\/\\\/www.visitmo.com\\\/soccer#breadcrumb\"},\"inLanguage\":\"fr-FR\",\"potentialAction\":[{\"@type\":\"ReadAction\",\"target\":[\"https:\\\/\\\/www.visitmo.com\\\/soccer\"]}]},{\"@type\":\"BreadcrumbList\",\"@id\":\"https:\\\/\\\/www.visitmo.com\\\/soccer#breadcrumb\",\"itemListElement\":[{\"@type\":\"ListItem\",\"position\":1,\"name\":\"Home\",\"item\":\"https:\\\/\\\/www.visitmo.com\\\/\"},{\"@type\":\"ListItem\",\"position\":2,\"name\":\"Soccer\"}]},{\"@type\":\"WebSite\",\"@id\":\"https:\\\/\\\/www.visitmo.com\\\/#website\",\"url\":\"https:\\\/\\\/www.visitmo.com\\\/\",\"name\":\"Visit Missouri\",\"description\":\"\",\"publisher\":{\"@id\":\"https:\\\/\\\/www.visitmo.com\\\/#organization\"},\"alternateName\":\"Visit MO\",\"potentialAction\":[{\"@type\":\"SearchAction\",\"target\":{\"@type\":\"EntryPoint\",\"urlTemplate\":\"https:\\\/\\\/www.visitmo.com\\\/?s={search_term_string}\"},\"query-input\":{\"@type\":\"PropertyValueSpecification\",\"valueRequired\":true,\"valueName\":\"search_term_string\"}}],\"inLanguage\":\"fr-FR\"},{\"@type\":\"Organization\",\"@id\":\"https:\\\/\\\/www.visitmo.com\\\/#organization\",\"name\":\"Missouri Division of Tourism\",\"alternateName\":\"Visit MO\",\"url\":\"https:\\\/\\\/www.visitmo.com\\\/\",\"logo\":{\"@type\":\"ImageObject\",\"inLanguage\":\"fr-FR\",\"@id\":\"https:\\\/\\\/www.visitmo.com\\\/#\\\/schema\\\/logo\\\/image\\\/\",\"url\":\"https:\\\/\\\/mdt-visitmo-cdn.s3.us-east-2.amazonaws.com\\\/wp-content\\\/uploads\\\/2022\\\/02\\\/VisitMologo_black-01.png\",\"contentUrl\":\"https:\\\/\\\/mdt-visitmo-cdn.s3.us-east-2.amazonaws.com\\\/wp-content\\\/uploads\\\/2022\\\/02\\\/VisitMologo_black-01.png\",\"width\":1876,\"height\":897,\"caption\":\"Missouri Division of Tourism\"},\"image\":{\"@id\":\"https:\\\/\\\/www.visitmo.com\\\/#\\\/schema\\\/logo\\\/image\\\/\"},\"sameAs\":[\"https:\\\/\\\/www.facebook.com\\\/VisitMO\",\"https:\\\/\\\/x.com\\\/visitmo\",\"https:\\\/\\\/www.instagram.com\\\/VisitMO\\\/\",\"https:\\\/\\\/www.youtube.com\\\/channel\\\/UCQI9W3Du1Wviap0WOTVwNnA\"]}]}<\/script>\n<!-- \/ Yoast SEO Premium plugin. -->","yoast_head_json":{"title":"Visiter Missouri | Soccer","robots":{"index":"index","follow":"follow","max-snippet":"max-snippet:-1","max-image-preview":"max-image-preview:large","max-video-preview":"max-video-preview:-1"},"canonical":"https:\/\/www.visitmo.com\/fr\/football\/","og_locale":"fr_FR","og_type":"article","og_title":"Soccer","og_description":"Explore the whole field while you\u2019re here. Find all your passions and discover new ones by visiting the Show-Me State\u2019s must-see sites and hidden gems.","og_url":"https:\/\/www.visitmo.com\/fr\/football\/","og_site_name":"Visit Missouri","article_publisher":"https:\/\/www.facebook.com\/VisitMO","article_modified_time":"2025-12-05T21:00:04+00:00","og_image":[{"width":2560,"height":1429,"url":"https:\/\/mdt-visitmo-cdn.s3.us-east-2.amazonaws.com\/wp-content\/uploads\/2025\/12\/WorldCupHeaderImage_RedBlue-scaled-1.jpg","type":"image\/jpeg"}],"twitter_card":"summary_large_image","twitter_site":"@visitmo","schema":{"@context":"https:\/\/schema.org","@graph":[{"@type":"WebPage","@id":"https:\/\/www.visitmo.com\/soccer","url":"https:\/\/www.visitmo.com\/soccer","name":"Visiter Missouri | Soccer","isPartOf":{"@id":"https:\/\/www.visitmo.com\/#website"},"datePublished":"2025-12-05T20:16:43+00:00","dateModified":"2025-12-05T21:00:04+00:00","breadcrumb":{"@id":"https:\/\/www.visitmo.com\/soccer#breadcrumb"},"inLanguage":"fr-FR","potentialAction":[{"@type":"ReadAction","target":["https:\/\/www.visitmo.com\/soccer"]}]},{"@type":"BreadcrumbList","@id":"https:\/\/www.visitmo.com\/soccer#breadcrumb","itemListElement":[{"@type":"ListItem","position":1,"name":"Home","item":"https:\/\/www.visitmo.com\/"},{"@type":"ListItem","position":2,"name":"Soccer"}]},{"@type":"WebSite","@id":"https:\/\/www.visitmo.com\/#website","url":"https:\/\/www.visitmo.com\/","name":"Visiter le Missouri","description":"","publisher":{"@id":"https:\/\/www.visitmo.com\/#organization"},"alternateName":"Visit MO","potentialAction":[{"@type":"SearchAction","target":{"@type":"EntryPoint","urlTemplate":"https:\/\/www.visitmo.com\/?s={search_term_string}"},"query-input":{"@type":"PropertyValueSpecification","valueRequired":true,"valueName":"search_term_string"}}],"inLanguage":"fr-FR"},{"@type":"Organization","@id":"https:\/\/www.visitmo.com\/#organization","name":"Division du tourisme du Missouri","alternateName":"Visit MO","url":"https:\/\/www.visitmo.com\/","logo":{"@type":"ImageObject","inLanguage":"fr-FR","@id":"https:\/\/www.visitmo.com\/#\/schema\/logo\/image\/","url":"https:\/\/mdt-visitmo-cdn.s3.us-east-2.amazonaws.com\/wp-content\/uploads\/2022\/02\/VisitMologo_black-01.png","contentUrl":"https:\/\/mdt-visitmo-cdn.s3.us-east-2.amazonaws.com\/wp-content\/uploads\/2022\/02\/VisitMologo_black-01.png","width":1876,"height":897,"caption":"Missouri Division of Tourism"},"image":{"@id":"https:\/\/www.visitmo.com\/#\/schema\/logo\/image\/"},"sameAs":["https:\/\/www.facebook.com\/VisitMO","https:\/\/x.com\/visitmo","https:\/\/www.instagram.com\/VisitMO\/","https:\/\/www.youtube.com\/channel\/UCQI9W3Du1Wviap0WOTVwNnA"]}]}},"_links":{"self":[{"href":"https:\/\/www.visitmo.com\/fr\/wp-json\/wp\/v2\/pages\/71239","targetHints":{"allow":["GET"]}}],"collection":[{"href":"https:\/\/www.visitmo.com\/fr\/wp-json\/wp\/v2\/pages"}],"about":[{"href":"https:\/\/www.visitmo.com\/fr\/wp-json\/wp\/v2\/types\/page"}],"author":[{"embeddable":true,"href":"https:\/\/www.visitmo.com\/fr\/wp-json\/wp\/v2\/users\/3983"}],"replies":[{"embeddable":true,"href":"https:\/\/www.visitmo.com\/fr\/wp-json\/wp\/v2\/comments?post=71239"}],"version-history":[{"count":1,"href":"https:\/\/www.visitmo.com\/fr\/wp-json\/wp\/v2\/pages\/71239\/revisions"}],"predecessor-version":[{"id":76423,"href":"https:\/\/www.visitmo.com\/fr\/wp-json\/wp\/v2\/pages\/71239\/revisions\/76423"}],"wp:attachment":[{"href":"https:\/\/www.visitmo.com\/fr\/wp-json\/wp\/v2\/media?parent=71239"}],"curies":[{"name":"wp","href":"https:\/\/api.w.org\/{rel}","templated":true}]}}