{"id":71239,"date":"2025-12-05T14:16:43","date_gmt":"2025-12-05T20:16:43","guid":{"rendered":"https:\/\/www.visitmo.com\/?page_id=71239"},"modified":"2025-12-05T15:00:04","modified_gmt":"2025-12-05T21:00:04","slug":"futbol","status":"publish","type":"page","link":"https:\/\/www.visitmo.com\/es_es\/soccer","title":{"rendered":"F\u00fatbol"},"content":{"rendered":"<section class=\"hero -tripidea\" style=\"background-image: url(https:\/\/mdt-visitmo-cdn.s3.us-east-2.amazonaws.com\/wp-content\/uploads\/2025\/12\/WorldCupHeaderImage_RedBlue-scaled-1-1800x900.jpg);\">\n\t<div class=\"hero__info -mid -left\">\n\t\t<h1>Missouri acoge los partidos m\u00e1s importantes de f\u00fatbol y T\u00fa.<\/h1>\n\t\t<p>No pierdas la oportunidad de ser parte del fandeMOnium en Kansas City. <\/p>\n\t<\/div>\n\t<\/section>\n\n\n\n<div style=\"height:50px\" aria-hidden=\"true\" class=\"wp-block-spacer\"><\/div>\n\n\n\n<h2 class=\"wp-block-heading has-text-align-center\" id=\"h-explore-the-whole-field-while-you-re-here\">Aprovecha tu estancia aqu\u00ed para explorar todo el lugar.<\/h2>\n\n\n\n<p class=\"has-text-align-center\">Descubre todas tus pasiones y encuentra otras nuevas visitando los lugares imprescindibles y las joyas ocultas del estado de Missouri.<\/p>\n\n\n\n<div style=\"height:50px\" aria-hidden=\"true\" class=\"wp-block-spacer\"><\/div>\n\n\n\n<div class=\"spotlights__container\">\n    <div class=\"section__header section__header--blue\">\n        <h2>\u00bfQuieres ver m\u00e1s de Missouri? \u00a1V\u00e1monos!<\/h2>\n        <a class=\"button button--outline hidden-xs hidden-sm\" href=\"\/things-to-do\/\">Planifique su viaje<\/a>\n    <\/div>\n\n    <div class=\"col3__grid\">\n    \t\n<a class=\"grid__item with-overlay\" href=\"https:\/\/www.visitmo.com\/es_es\/in-the-spotlight\/lake-of-the-ozarks\" style=\"background-image: url(https:\/\/mdt-visitmo-cdn.s3.us-east-2.amazonaws.com\/wp-content\/uploads\/2021\/10\/Lake-of-the-Ozarks.jpg);\">\n    <div class=\"grid__item__content\">\n        <h2 class=\"item__heading\">Lago de los Ozarks<\/h2>\n        <span class=\"item__cta hidden-xs hidden-sm\">explore <i class=\"fas fa-long-arrow-alt-right\"><\/i><\/span>\n    <\/div>\n<\/a>\n<a class=\"grid__item with-overlay\" href=\"https:\/\/www.visitmo.com\/es_es\/in-the-spotlight\/beer\" style=\"background-image: url(https:\/\/mdt-visitmo-cdn.s3.amazonaws.com\/highlights\/Beer-Thumb.jpg);\">\n    <div class=\"grid__item__content\">\n        <h2 class=\"item__heading\">Cerveza<\/h2>\n        <span class=\"item__cta hidden-xs hidden-sm\">explore <i class=\"fas fa-long-arrow-alt-right\"><\/i><\/span>\n    <\/div>\n<\/a>\n<a class=\"grid__item with-overlay\" href=\"https:\/\/www.visitmo.com\/es_es\/in-the-spotlight\/bbq\" style=\"background-image: url(https:\/\/mdt-visitmo-cdn.s3.amazonaws.com\/highlights\/BBQ-Thumb.jpg);\">\n    <div class=\"grid__item__content\">\n        <h2 class=\"item__heading\">BARBACOA<\/h2>\n        <span class=\"item__cta hidden-xs hidden-sm\">explore <i class=\"fas fa-long-arrow-alt-right\"><\/i><\/span>\n    <\/div>\n<\/a>    <\/div>\n    <div class=\"section__footer\">\n        <a class=\"button button--outline hidden-md hidden-lg\" href=\"\/things-to-do\/\">Planifique su viaje<\/a>\n    <\/div>\n<\/div>\n\n\n\n<div class=\"itineraries__container container\">\n    <div class=\"section__lead\">\n        <h2>Kansas City m\u00e1s all\u00e1 del campo.<\/h2>\n        <p>\u00bfC\u00f3mo vas a pasar tu tiempo libre? Desde galer\u00edas del arte hasta animales de zool\u00f3gico, pasando por debates sobre cu\u00e1l es la mejor barbacoa. D\u00e9jenos ayudarte a organizar el itinerario perfecto durante tu estancia en la ciudad.<\/p>\n    <\/div>\n\n    <div class=\"col4__grid\">\n        \n<a class=\"grid__item\" href=\"https:\/\/www.visitmo.com\/es_es\/itineraries\/a-weekend-getaway-to-kansas-city\">\n    <div class=\"grid__item__content\">\n        <div class=\"grid__item__image\" style=\"background-image: url(https:\/\/mdt-visitmo-cdn.s3.us-east-2.amazonaws.com\/tripideas\/thumb-a-weekend-getaway-to-kansas-city-5f762a5fc937b.jpg);\"><\/div>\n        <div class=\"grid__item__info\">\n            <span class=\"grid__item__tag\">Itinerarios<\/span>\n            <h3 class=\"grid__item__title\">Escapada de fin de semana a Kansas City<\/h3>\n            <p class=\"grid__item__lead\">Conocida como la Ciudad de las Fuentes, la vibrante metr\u00f3polis de Kansas City de...<\/p>\n        <\/div>\n    <\/div>\n<\/a>\n\n<a class=\"grid__item\" href=\"https:\/\/www.visitmo.com\/es_es\/itineraries\/kc-a-taste-of-culture-in-the-city\">\n    <div class=\"grid__item__content\">\n        <div class=\"grid__item__image\" style=\"background-image: url(https:\/\/visitmo-cdn.s3.amazonaws.com\/tripideas\/8F9FB60E-CA43-4FD1-8C93-40F3680F8D2A.png);\"><\/div>\n        <div class=\"grid__item__info\">\n            <span class=\"grid__item__tag\">Itinerarios<\/span>\n            <h3 class=\"grid__item__title\">KC - El sabor de la cultura en la ciudad<\/h3>\n            <p class=\"grid__item__lead\">Sumerja su alma en las vistas y sonidos de Kansas City. Con una vibrante...<\/p>\n        <\/div>\n    <\/div>\n<\/a>\n\n<a class=\"grid__item\" href=\"https:\/\/www.visitmo.com\/es_es\/itineraries\/dine-through-kc\">\n    <div class=\"grid__item__content\">\n        <div class=\"grid__item__image\" style=\"background-image: url(https:\/\/visitmo-cdn.s3.amazonaws.com\/tripideas\/0FBCDF7E-507C-4196-8E18-FC8B35C03BE1.png);\"><\/div>\n        <div class=\"grid__item__info\">\n            <span class=\"grid__item__tag\">Itinerarios<\/span>\n            <h3 class=\"grid__item__title\">Cene en KC<\/h3>\n            <p class=\"grid__item__lead\">Espero que tengas hambre. Aqu\u00ed tienes una lista de los platos m\u00e1s...<\/p>\n        <\/div>\n    <\/div>\n<\/a>\n\n<a class=\"grid__item\" href=\"https:\/\/www.visitmo.com\/es_es\/itineraries\/museums-art-and-food-kc-style\">\n    <div class=\"grid__item__content\">\n        <div class=\"grid__item__image\" style=\"background-image: url(https:\/\/mdt-visitmo-cdn.s3.us-east-2.amazonaws.com\/tripideas\/thumb-museums-art-and-food-kc-style-6047ae5cc3fa8.jpg);\"><\/div>\n        <div class=\"grid__item__info\">\n            <span class=\"grid__item__tag\">Itinerarios<\/span>\n            <h3 class=\"grid__item__title\">Museos, arte y comida al estilo de KC<\/h3>\n            <p class=\"grid__item__lead\">Kansas City, conocida como el Coraz\u00f3n de Am\u00e9rica, fue fundada en 1850. Aqu\u00ed te...<\/p>\n        <\/div>\n    <\/div>\n<\/a>\n    <\/div>\n\n    <div class=\"section__footer\">\n        <a class=\"button\" href=\"https:\/\/kansascityfwc26.com\/\">Gu\u00eda de aficionado<\/a>\n            <\/div>\n<\/div>\n\n\n<div class=\"remote-events__banner\" style=\"background-image: url(https:\/\/mdt-visitmo-cdn.s3.us-east-2.amazonaws.com\/wp-content\/uploads\/2025\/12\/AdobeStock_1547389213-1-1200x800.jpg); background-position: 50% 50%;\">\n    <div class=\"remote-events__banner__content\">\n        <h2 class=\"remote-events__banner__header\">\u00bfEres un s\u00faper fan?<\/h2>\n        <p class=\"remote-events__banner__text\">Inscr\u00edbate para recibir informaci\u00f3n actualizada sobre las \u00faltimas actividades relacionadas con el torneo en Missouri.<\/p>\n           \n        <a href=\"https:\/\/www.visitmo.com\/soccer-signup\/\" class=\"button button--outline--reverse\">Entra en nuestra lista<\/a>\n            <\/div>\n<\/div>","protected":false},"excerpt":{"rendered":"<p>Explore todo el campo mientras est\u00e9 aqu\u00ed. Encuentra todas tus pasiones y descubre otras nuevas visitando los lugares imprescindibles y las joyas ocultas del Estado de Show-Me.<\/p>","protected":false},"author":3983,"featured_media":0,"parent":0,"menu_order":0,"comment_status":"closed","ping_status":"closed","template":"","meta":{"_acf_changed":false,"_relevanssi_hide_post":"","_relevanssi_hide_content":"","_relevanssi_pin_for_all":"","_relevanssi_pin_keywords":"","_relevanssi_unpin_keywords":"","_relevanssi_related_keywords":"","_relevanssi_related_include_ids":"","_relevanssi_related_exclude_ids":"","_relevanssi_related_no_append":"","_relevanssi_related_not_related":"","_relevanssi_related_posts":"37553,24053,15603,972,973,974","_relevanssi_noindex_reason":"","footnotes":""},"class_list":["post-71239","page","type-page","status-publish","hentry"],"pp_statuses_selecting_workflow":false,"pp_workflow_action":"current","pp_status_selection":"publish","acf":[],"yoast_head":"<!-- This site is optimized with the Yoast SEO Premium plugin v27.4 (Yoast SEO v27.4) - https:\/\/yoast.com\/product\/yoast-seo-premium-wordpress\/ -->\n<title>Visit Missouri | Soccer<\/title>\n<meta name=\"robots\" content=\"index, follow, max-snippet:-1, max-image-preview:large, max-video-preview:-1\" \/>\n<link rel=\"canonical\" href=\"https:\/\/www.visitmo.com\/es_es\/futbol\/\" \/>\n<meta property=\"og:locale\" content=\"es_ES\" \/>\n<meta property=\"og:type\" content=\"article\" \/>\n<meta property=\"og:title\" content=\"Soccer\" \/>\n<meta property=\"og:description\" content=\"Explore the whole field while you\u2019re here. Find all your passions and discover new ones by visiting the Show-Me State\u2019s must-see sites and hidden gems.\" \/>\n<meta property=\"og:url\" content=\"https:\/\/www.visitmo.com\/es_es\/futbol\/\" \/>\n<meta property=\"og:site_name\" content=\"Visit Missouri\" \/>\n<meta property=\"article:publisher\" content=\"https:\/\/www.facebook.com\/VisitMO\" \/>\n<meta property=\"article:modified_time\" content=\"2025-12-05T21:00:04+00:00\" \/>\n<meta property=\"og:image\" content=\"https:\/\/mdt-visitmo-cdn.s3.us-east-2.amazonaws.com\/wp-content\/uploads\/2025\/12\/WorldCupHeaderImage_RedBlue-scaled-1.jpg\" \/>\n\t<meta property=\"og:image:width\" content=\"2560\" \/>\n\t<meta property=\"og:image:height\" content=\"1429\" \/>\n\t<meta property=\"og:image:type\" content=\"image\/jpeg\" \/>\n<meta name=\"twitter:card\" content=\"summary_large_image\" \/>\n<meta name=\"twitter:site\" content=\"@visitmo\" \/>\n<script type=\"application\/ld+json\" class=\"yoast-schema-graph\">{\"@context\":\"https:\\\/\\\/schema.org\",\"@graph\":[{\"@type\":\"WebPage\",\"@id\":\"https:\\\/\\\/www.visitmo.com\\\/soccer\",\"url\":\"https:\\\/\\\/www.visitmo.com\\\/soccer\",\"name\":\"Visit Missouri | Soccer\",\"isPartOf\":{\"@id\":\"https:\\\/\\\/www.visitmo.com\\\/#website\"},\"datePublished\":\"2025-12-05T20:16:43+00:00\",\"dateModified\":\"2025-12-05T21:00:04+00:00\",\"breadcrumb\":{\"@id\":\"https:\\\/\\\/www.visitmo.com\\\/soccer#breadcrumb\"},\"inLanguage\":\"es\",\"potentialAction\":[{\"@type\":\"ReadAction\",\"target\":[\"https:\\\/\\\/www.visitmo.com\\\/soccer\"]}]},{\"@type\":\"BreadcrumbList\",\"@id\":\"https:\\\/\\\/www.visitmo.com\\\/soccer#breadcrumb\",\"itemListElement\":[{\"@type\":\"ListItem\",\"position\":1,\"name\":\"Home\",\"item\":\"https:\\\/\\\/www.visitmo.com\\\/\"},{\"@type\":\"ListItem\",\"position\":2,\"name\":\"Soccer\"}]},{\"@type\":\"WebSite\",\"@id\":\"https:\\\/\\\/www.visitmo.com\\\/#website\",\"url\":\"https:\\\/\\\/www.visitmo.com\\\/\",\"name\":\"Visit Missouri\",\"description\":\"\",\"publisher\":{\"@id\":\"https:\\\/\\\/www.visitmo.com\\\/#organization\"},\"alternateName\":\"Visit MO\",\"potentialAction\":[{\"@type\":\"SearchAction\",\"target\":{\"@type\":\"EntryPoint\",\"urlTemplate\":\"https:\\\/\\\/www.visitmo.com\\\/?s={search_term_string}\"},\"query-input\":{\"@type\":\"PropertyValueSpecification\",\"valueRequired\":true,\"valueName\":\"search_term_string\"}}],\"inLanguage\":\"es\"},{\"@type\":\"Organization\",\"@id\":\"https:\\\/\\\/www.visitmo.com\\\/#organization\",\"name\":\"Missouri Division of Tourism\",\"alternateName\":\"Visit MO\",\"url\":\"https:\\\/\\\/www.visitmo.com\\\/\",\"logo\":{\"@type\":\"ImageObject\",\"inLanguage\":\"es\",\"@id\":\"https:\\\/\\\/www.visitmo.com\\\/#\\\/schema\\\/logo\\\/image\\\/\",\"url\":\"https:\\\/\\\/mdt-visitmo-cdn.s3.us-east-2.amazonaws.com\\\/wp-content\\\/uploads\\\/2022\\\/02\\\/VisitMologo_black-01.png\",\"contentUrl\":\"https:\\\/\\\/mdt-visitmo-cdn.s3.us-east-2.amazonaws.com\\\/wp-content\\\/uploads\\\/2022\\\/02\\\/VisitMologo_black-01.png\",\"width\":1876,\"height\":897,\"caption\":\"Missouri Division of Tourism\"},\"image\":{\"@id\":\"https:\\\/\\\/www.visitmo.com\\\/#\\\/schema\\\/logo\\\/image\\\/\"},\"sameAs\":[\"https:\\\/\\\/www.facebook.com\\\/VisitMO\",\"https:\\\/\\\/x.com\\\/visitmo\",\"https:\\\/\\\/www.instagram.com\\\/VisitMO\\\/\",\"https:\\\/\\\/www.youtube.com\\\/channel\\\/UCQI9W3Du1Wviap0WOTVwNnA\"]}]}<\/script>\n<!-- \/ Yoast SEO Premium plugin. -->","yoast_head_json":{"title":"Visita Missouri | F\u00fatbol","robots":{"index":"index","follow":"follow","max-snippet":"max-snippet:-1","max-image-preview":"max-image-preview:large","max-video-preview":"max-video-preview:-1"},"canonical":"https:\/\/www.visitmo.com\/es_es\/futbol\/","og_locale":"es_ES","og_type":"article","og_title":"Soccer","og_description":"Explore the whole field while you\u2019re here. Find all your passions and discover new ones by visiting the Show-Me State\u2019s must-see sites and hidden gems.","og_url":"https:\/\/www.visitmo.com\/es_es\/futbol\/","og_site_name":"Visit Missouri","article_publisher":"https:\/\/www.facebook.com\/VisitMO","article_modified_time":"2025-12-05T21:00:04+00:00","og_image":[{"width":2560,"height":1429,"url":"https:\/\/mdt-visitmo-cdn.s3.us-east-2.amazonaws.com\/wp-content\/uploads\/2025\/12\/WorldCupHeaderImage_RedBlue-scaled-1.jpg","type":"image\/jpeg"}],"twitter_card":"summary_large_image","twitter_site":"@visitmo","schema":{"@context":"https:\/\/schema.org","@graph":[{"@type":"WebPage","@id":"https:\/\/www.visitmo.com\/soccer","url":"https:\/\/www.visitmo.com\/soccer","name":"Visita Missouri | F\u00fatbol","isPartOf":{"@id":"https:\/\/www.visitmo.com\/#website"},"datePublished":"2025-12-05T20:16:43+00:00","dateModified":"2025-12-05T21:00:04+00:00","breadcrumb":{"@id":"https:\/\/www.visitmo.com\/soccer#breadcrumb"},"inLanguage":"es","potentialAction":[{"@type":"ReadAction","target":["https:\/\/www.visitmo.com\/soccer"]}]},{"@type":"BreadcrumbList","@id":"https:\/\/www.visitmo.com\/soccer#breadcrumb","itemListElement":[{"@type":"ListItem","position":1,"name":"Home","item":"https:\/\/www.visitmo.com\/"},{"@type":"ListItem","position":2,"name":"Soccer"}]},{"@type":"WebSite","@id":"https:\/\/www.visitmo.com\/#website","url":"https:\/\/www.visitmo.com\/","name":"Visita Missouri","description":"","publisher":{"@id":"https:\/\/www.visitmo.com\/#organization"},"alternateName":"Visit MO","potentialAction":[{"@type":"SearchAction","target":{"@type":"EntryPoint","urlTemplate":"https:\/\/www.visitmo.com\/?s={search_term_string}"},"query-input":{"@type":"PropertyValueSpecification","valueRequired":true,"valueName":"search_term_string"}}],"inLanguage":"es"},{"@type":"Organization","@id":"https:\/\/www.visitmo.com\/#organization","name":"Divisi\u00f3n de Turismo de Missouri","alternateName":"Visit MO","url":"https:\/\/www.visitmo.com\/","logo":{"@type":"ImageObject","inLanguage":"es","@id":"https:\/\/www.visitmo.com\/#\/schema\/logo\/image\/","url":"https:\/\/mdt-visitmo-cdn.s3.us-east-2.amazonaws.com\/wp-content\/uploads\/2022\/02\/VisitMologo_black-01.png","contentUrl":"https:\/\/mdt-visitmo-cdn.s3.us-east-2.amazonaws.com\/wp-content\/uploads\/2022\/02\/VisitMologo_black-01.png","width":1876,"height":897,"caption":"Missouri Division of Tourism"},"image":{"@id":"https:\/\/www.visitmo.com\/#\/schema\/logo\/image\/"},"sameAs":["https:\/\/www.facebook.com\/VisitMO","https:\/\/x.com\/visitmo","https:\/\/www.instagram.com\/VisitMO\/","https:\/\/www.youtube.com\/channel\/UCQI9W3Du1Wviap0WOTVwNnA"]}]}},"_links":{"self":[{"href":"https:\/\/www.visitmo.com\/es_es\/wp-json\/wp\/v2\/pages\/71239","targetHints":{"allow":["GET"]}}],"collection":[{"href":"https:\/\/www.visitmo.com\/es_es\/wp-json\/wp\/v2\/pages"}],"about":[{"href":"https:\/\/www.visitmo.com\/es_es\/wp-json\/wp\/v2\/types\/page"}],"author":[{"embeddable":true,"href":"https:\/\/www.visitmo.com\/es_es\/wp-json\/wp\/v2\/users\/3983"}],"replies":[{"embeddable":true,"href":"https:\/\/www.visitmo.com\/es_es\/wp-json\/wp\/v2\/comments?post=71239"}],"version-history":[{"count":1,"href":"https:\/\/www.visitmo.com\/es_es\/wp-json\/wp\/v2\/pages\/71239\/revisions"}],"predecessor-version":[{"id":76423,"href":"https:\/\/www.visitmo.com\/es_es\/wp-json\/wp\/v2\/pages\/71239\/revisions\/76423"}],"wp:attachment":[{"href":"https:\/\/www.visitmo.com\/es_es\/wp-json\/wp\/v2\/media?parent=71239"}],"curies":[{"name":"wp","href":"https:\/\/api.w.org\/{rel}","templated":true}]}}